{"id":991175,"date":"2024-05-07T08:37:10","date_gmt":"2024-05-07T11:37:10","guid":{"rendered":"https:\/\/oneplannerppm.com.br\/?page_id=991175"},"modified":"2024-05-07T15:01:43","modified_gmt":"2024-05-07T18:01:43","slug":"transformando-o-gerenciamento-de-projetos-da-herbarium-com-o-microsoft-project-for-the-web-e-a-solucao-projectsa-ppm-2","status":"publish","type":"page","link":"https:\/\/oneplannerppm.com.br\/en\/transformando-o-gerenciamento-de-projetos-da-herbarium-com-o-microsoft-project-for-the-web-e-a-solucao-projectsa-ppm-2\/","title":{"rendered":"Implanta\u00e7\u00e3o personalizada do Microsoft Project for\u00a0the\u00a0Web pela\u00a0ProjectSA\u00a0para a NTSEC\u00a0"},"content":{"rendered":"<div data-elementor-type=\"wp-page\" data-elementor-id=\"991175\" class=\"elementor elementor-991175\" data-elementor-post-type=\"page\">\n\t\t\t\t\t\t<section class=\"elementor-section elementor-top-section elementor-element elementor-element-7f4cff79 elementor-section-boxed elementor-section-height-default elementor-section-height-default\" data-id=\"7f4cff79\" data-element_type=\"section\">\n\t\t\t\t\t\t<div class=\"elementor-container elementor-column-gap-default\">\n\t\t\t\t\t<div class=\"elementor-column elementor-col-50 elementor-top-column elementor-element elementor-element-30758bf7\" data-id=\"30758bf7\" data-element_type=\"column\">\n\t\t\t<div class=\"elementor-widget-wrap elementor-element-populated\">\n\t\t\t\t\t\t<div class=\"elementor-element elementor-element-1b415170 elementor-widget elementor-widget-spacer\" data-id=\"1b415170\" data-element_type=\"widget\" data-widget_type=\"spacer.default\">\n\t\t\t\t<div class=\"elementor-widget-container\">\n\t\t\t\t\t\t\t<div class=\"elementor-spacer\">\n\t\t\t<div class=\"elementor-spacer-inner\"><\/div>\n\t\t<\/div>\n\t\t\t\t\t\t<\/div>\n\t\t\t\t<\/div>\n\t\t\t\t<div class=\"elementor-element elementor-element-383d7be8 elementor-widget elementor-widget-heading\" data-id=\"383d7be8\" data-element_type=\"widget\" data-widget_type=\"heading.default\">\n\t\t\t\t<div class=\"elementor-widget-container\">\n\t\t\t\t\t<h2 class=\"elementor-heading-title elementor-size-default\">Implanta\u00e7\u00e3o personalizada do Microsoft Project for the Web pela ProjectSA para a NTSEC <\/h2>\t\t\t\t<\/div>\n\t\t\t\t<\/div>\n\t\t\t\t<div class=\"elementor-element elementor-element-b773ec5 elementor-widget elementor-widget-spacer\" data-id=\"b773ec5\" data-element_type=\"widget\" data-widget_type=\"spacer.default\">\n\t\t\t\t<div class=\"elementor-widget-container\">\n\t\t\t\t\t\t\t<div class=\"elementor-spacer\">\n\t\t\t<div class=\"elementor-spacer-inner\"><\/div>\n\t\t<\/div>\n\t\t\t\t\t\t<\/div>\n\t\t\t\t<\/div>\n\t\t\t\t<div class=\"elementor-element elementor-element-38c92ebb elementor-widget elementor-widget-text-editor\" data-id=\"38c92ebb\" data-element_type=\"widget\" data-widget_type=\"text-editor.default\">\n\t\t\t\t<div class=\"elementor-widget-container\">\n\t\t\t\t\t\t\t\t\t<p><span data-contrast=\"auto\">A empresa NTSEC, especializada em seguran\u00e7a cibern\u00e9tica, enfrentava desafios no gerenciamento de seus projetos devido ao uso de planilhas no Google. Buscando uma solu\u00e7\u00e3o mais eficiente e robusta, a NTSEC optou por implementar o Microsoft Project for\u00a0the\u00a0Web em parceria com a\u00a0ProjectSA. O resultado foi uma transforma\u00e7\u00e3o significativa no gerenciamento de projetos da NTSEC, aumentando a produtividade, melhorando a colabora\u00e7\u00e3o entre as equipes e impulsionando o crescimento dos neg\u00f3cios.<\/span>\u00a0<\/p><p>\u00a0<\/p>\t\t\t\t\t\t\t\t<\/div>\n\t\t\t\t<\/div>\n\t\t\t\t\t<\/div>\n\t\t<\/div>\n\t\t\t\t<div class=\"elementor-column elementor-col-50 elementor-top-column elementor-element elementor-element-45a6eae5\" data-id=\"45a6eae5\" data-element_type=\"column\">\n\t\t\t<div class=\"elementor-widget-wrap elementor-element-populated\">\n\t\t\t\t\t\t<div class=\"elementor-element elementor-element-62e5033b elementor-widget elementor-widget-spacer\" data-id=\"62e5033b\" data-element_type=\"widget\" data-widget_type=\"spacer.default\">\n\t\t\t\t<div class=\"elementor-widget-container\">\n\t\t\t\t\t\t\t<div class=\"elementor-spacer\">\n\t\t\t<div class=\"elementor-spacer-inner\"><\/div>\n\t\t<\/div>\n\t\t\t\t\t\t<\/div>\n\t\t\t\t<\/div>\n\t\t\t\t<div class=\"elementor-element elementor-element-2bc65abe elementor-widget elementor-widget-image\" data-id=\"2bc65abe\" data-element_type=\"widget\" data-widget_type=\"image.default\">\n\t\t\t\t<div class=\"elementor-widget-container\">\n\t\t\t\t\t\t\t\t\t\t\t\t\t\t\t<img fetchpriority=\"high\" decoding=\"async\" width=\"980\" height=\"631\" src=\"https:\/\/oneplannerppm.com.br\/wp-content\/uploads\/2024\/04\/industries01-1024x659.jpeg\" class=\"attachment-large size-large wp-image-990969\" alt=\"\" srcset=\"https:\/\/oneplannerppm.com.br\/wp-content\/uploads\/2024\/04\/industries01-1024x659.jpeg 1024w, https:\/\/oneplannerppm.com.br\/wp-content\/uploads\/2024\/04\/industries01-300x193.jpeg 300w, https:\/\/oneplannerppm.com.br\/wp-content\/uploads\/2024\/04\/industries01-768x494.jpeg 768w, https:\/\/oneplannerppm.com.br\/wp-content\/uploads\/2024\/04\/industries01.jpeg 1492w\" sizes=\"(max-width: 980px) 100vw, 980px\" title=\"\">\t\t\t\t\t\t\t\t\t\t\t\t\t\t\t<\/div>\n\t\t\t\t<\/div>\n\t\t\t\t\t<\/div>\n\t\t<\/div>\n\t\t\t\t\t<\/div>\n\t\t<\/section>\n\t\t\t\t<section class=\"elementor-section elementor-top-section elementor-element elementor-element-567c41ce elementor-section-boxed elementor-section-height-default elementor-section-height-default\" data-id=\"567c41ce\" data-element_type=\"section\">\n\t\t\t\t\t\t<div class=\"elementor-container elementor-column-gap-default\">\n\t\t\t\t\t<div class=\"elementor-column elementor-col-100 elementor-top-column elementor-element elementor-element-7bca3f06\" data-id=\"7bca3f06\" data-element_type=\"column\">\n\t\t\t<div class=\"elementor-widget-wrap elementor-element-populated\">\n\t\t\t\t\t\t<div class=\"elementor-element elementor-element-3dadeb7 elementor-widget elementor-widget-text-editor\" data-id=\"3dadeb7\" data-element_type=\"widget\" data-widget_type=\"text-editor.default\">\n\t\t\t\t<div class=\"elementor-widget-container\">\n\t\t\t\t\t\t\t\t\t<p><span data-contrast=\"auto\">A NTSEC era uma empresa em expans\u00e3o que prestava servi\u00e7os de seguran\u00e7a cibern\u00e9tica para uma ampla gama de clientes. Com o aumento do n\u00famero de projetos, eles come\u00e7aram a sentir os limites das planilhas do Google, que n\u00e3o ofereciam recursos avan\u00e7ados de gerenciamento de projetos, como acompanhamento de tarefas, depend\u00eancias, recursos e cronogramas. A falta de visibilidade e controle dificultava o cumprimento de prazos, a aloca\u00e7\u00e3o de recursos adequados e a identifica\u00e7\u00e3o de gargalos nos projetos.<\/span>\u00a0<\/p>\t\t\t\t\t\t\t\t<\/div>\n\t\t\t\t<\/div>\n\t\t\t\t<div class=\"elementor-element elementor-element-3cba37a7 elementor-widget elementor-widget-heading\" data-id=\"3cba37a7\" data-element_type=\"widget\" data-widget_type=\"heading.default\">\n\t\t\t\t<div class=\"elementor-widget-container\">\n\t\t\t\t\t<h2 class=\"elementor-heading-title elementor-size-default\">Desafio<\/h2>\t\t\t\t<\/div>\n\t\t\t\t<\/div>\n\t\t\t\t<div class=\"elementor-element elementor-element-3cf89f10 elementor-widget elementor-widget-text-editor\" data-id=\"3cf89f10\" data-element_type=\"widget\" data-widget_type=\"text-editor.default\">\n\t\t\t\t<div class=\"elementor-widget-container\">\n\t\t\t\t\t\t\t\t\t<p><span data-contrast=\"auto\">A NTSEC enfrentava os seguintes desafios com o uso de planilhas no Google:<\/span>\u00a0<\/p><ol><li><span data-contrast=\"auto\"> Falta de visibilidade: Era dif\u00edcil obter uma vis\u00e3o clara e atualizada do status de cada projeto, o que levava a atrasos na tomada de decis\u00f5es cr\u00edticas.<\/span><\/li><\/ol><ol start=\"2\"><li><span data-contrast=\"auto\"> Dificuldade de colabora\u00e7\u00e3o: A comunica\u00e7\u00e3o e colabora\u00e7\u00e3o entre as equipes eram limitadas, pois as planilhas n\u00e3o eram projetadas para facilitar o trabalho em equipe em tempo real.<\/span><\/li><\/ol><ol start=\"3\"><li><span data-contrast=\"auto\"> Gest\u00e3o de recursos ineficiente: A aloca\u00e7\u00e3o de recursos era feita de forma manual e imprecisa, resultando em subutiliza\u00e7\u00e3o ou sobrecarga de membros da equipe.<\/span><\/li><\/ol>\t\t\t\t\t\t\t\t<\/div>\n\t\t\t\t<\/div>\n\t\t\t\t\t<\/div>\n\t\t<\/div>\n\t\t\t\t\t<\/div>\n\t\t<\/section>\n\t\t\t\t<section class=\"elementor-section elementor-top-section elementor-element elementor-element-33a7dc1a elementor-section-boxed elementor-section-height-default elementor-section-height-default\" data-id=\"33a7dc1a\" data-element_type=\"section\">\n\t\t\t\t\t\t<div class=\"elementor-container elementor-column-gap-default\">\n\t\t\t\t\t<div class=\"elementor-column elementor-col-100 elementor-top-column elementor-element elementor-element-c4d058d\" data-id=\"c4d058d\" data-element_type=\"column\">\n\t\t\t<div class=\"elementor-widget-wrap elementor-element-populated\">\n\t\t\t\t\t\t<div class=\"elementor-element elementor-element-15776190 elementor-widget elementor-widget-heading\" data-id=\"15776190\" data-element_type=\"widget\" data-widget_type=\"heading.default\">\n\t\t\t\t<div class=\"elementor-widget-container\">\n\t\t\t\t\t<h2 class=\"elementor-heading-title elementor-size-default\">Solu\u00e7\u00e3o<\/h2>\t\t\t\t<\/div>\n\t\t\t\t<\/div>\n\t\t\t\t<div class=\"elementor-element elementor-element-102b4353 elementor-widget elementor-widget-text-editor\" data-id=\"102b4353\" data-element_type=\"widget\" data-widget_type=\"text-editor.default\">\n\t\t\t\t<div class=\"elementor-widget-container\">\n\t\t\t\t\t\t\t\t\t<p><span data-contrast=\"auto\">A\u00a0ProjectSA, uma empresa especializada em consultoria e implementa\u00e7\u00e3o de solu\u00e7\u00f5es de gerenciamento de projetos, foi escolhida pela NTSEC para realizar a implementa\u00e7\u00e3o personalizada do Microsoft Project for\u00a0the\u00a0Web. A equipe da\u00a0ProjectSA\u00a0come\u00e7ou entendendo as necessidades espec\u00edficas da NTSEC e personalizando a solu\u00e7\u00e3o de acordo com seus requisitos.<\/span>\u00a0<\/p><p><span data-contrast=\"auto\">A solu\u00e7\u00e3o incluiu os seguintes aspectos:<\/span>\u00a0<\/p><ol><li><span data-contrast=\"auto\"> Configura\u00e7\u00e3o do ambiente: A ProjectSA configurou o ambiente do Microsoft Project for\u00a0the\u00a0Web, adaptando-o aos processos e fluxos de trabalho da NTSEC.<\/span>\u00a0<\/li><\/ol><ol start=\"2\"><li><span data-contrast=\"auto\"> Migra\u00e7\u00e3o de dados: A equipe da ProjectSA realizou a migra\u00e7\u00e3o dos dados existentes das planilhas do Google para o Microsoft Project for\u00a0the\u00a0Web, garantindo a integridade e a consist\u00eancia dos dados durante o processo.<\/span>\u00a0<\/li><\/ol><ol start=\"3\"><li><span data-contrast=\"auto\"> Treinamento e suporte: A ProjectSA ofereceu treinamento abrangente para os funcion\u00e1rios da NTSEC, capacitando-os a utilizar efetivamente a nova solu\u00e7\u00e3o. Al\u00e9m disso, eles forneceram suporte cont\u00ednuo para garantir uma transi\u00e7\u00e3o tranquila e responder a quaisquer d\u00favidas ou problemas que surgissem.<\/span>\u00a0<\/li><\/ol>\t\t\t\t\t\t\t\t<\/div>\n\t\t\t\t<\/div>\n\t\t\t\t\t<\/div>\n\t\t<\/div>\n\t\t\t\t\t<\/div>\n\t\t<\/section>\n\t\t\t\t<section class=\"elementor-section elementor-top-section elementor-element elementor-element-1249b2fd elementor-section-boxed elementor-section-height-default elementor-section-height-default\" data-id=\"1249b2fd\" data-element_type=\"section\">\n\t\t\t\t\t\t<div class=\"elementor-container elementor-column-gap-default\">\n\t\t\t\t\t<div class=\"elementor-column elementor-col-100 elementor-top-column elementor-element elementor-element-59565f1c\" data-id=\"59565f1c\" data-element_type=\"column\">\n\t\t\t<div class=\"elementor-widget-wrap elementor-element-populated\">\n\t\t\t\t\t\t<div class=\"elementor-element elementor-element-69d55911 elementor-widget elementor-widget-heading\" data-id=\"69d55911\" data-element_type=\"widget\" data-widget_type=\"heading.default\">\n\t\t\t\t<div class=\"elementor-widget-container\">\n\t\t\t\t\t<h2 class=\"elementor-heading-title elementor-size-default\">Resultados<\/h2>\t\t\t\t<\/div>\n\t\t\t\t<\/div>\n\t\t\t\t<div class=\"elementor-element elementor-element-17b057ce elementor-widget elementor-widget-text-editor\" data-id=\"17b057ce\" data-element_type=\"widget\" data-widget_type=\"text-editor.default\">\n\t\t\t\t<div class=\"elementor-widget-container\">\n\t\t\t\t\t\t\t\t\t<p><span data-contrast=\"auto\">A implementa\u00e7\u00e3o personalizada do Microsoft Project for\u00a0the\u00a0Web pela\u00a0ProjectSA\u00a0trouxe diversos benef\u00edcios para a NTSEC:<\/span>\u00a0<\/p><ol><li><span data-contrast=\"auto\"> Maior visibilidade e controle: Agora, a NTSEC tem uma vis\u00e3o clara e atualizada de todos os projetos em andamento, permitindo que os gerentes tom<\/span>em decis\u00f5es informadas e antecipem poss\u00edveis problemas.<span style=\"color: var( --e-global-color-vamtam_accent_8 ); letter-spacing: var(--vamtam-primary-font-letter-spacing-desktop,normal); text-transform: var(--vamtam-primary-font-transform,none);\">\u00a0<\/span><\/li><\/ol><ol start=\"2\"><li><span data-contrast=\"auto\"> Colabora\u00e7\u00e3o aprimorada: Com a nova solu\u00e7\u00e3o, as equipes da NTSEC podem colaborar de forma eficiente em tempo real, compartilhando informa\u00e7\u00f5es, atualizando tarefas e trabalhando em conjunto para alcan\u00e7ar os objetivos do projeto.<\/span><\/li><\/ol><ol start=\"3\"><li><span data-contrast=\"auto\"> Melhor gest\u00e3o de recursos: O Microsoft Project for the Web permite que a NTSEC alocasse recursos de forma mais precisa, evitando sobrecargas ou subutiliza\u00e7\u00e3o, o que resultou em maior efici\u00eancia e produtividade.<\/span>\u00a0<\/li><\/ol><ol start=\"4\"><li><span data-contrast=\"auto\"> Crescimento dos neg\u00f3cios: A melhoria na gest\u00e3o de projetos permitiu que a NTSEC entregasse projetos com mais qualidade, dentro do prazo e dentro do or\u00e7amento, o que resultou em maior satisfa\u00e7\u00e3o do cliente e oportunidades de neg\u00f3cios adicionais.<\/span><\/li><\/ol>\t\t\t\t\t\t\t\t<\/div>\n\t\t\t\t<\/div>\n\t\t\t\t\t<\/div>\n\t\t<\/div>\n\t\t\t\t\t<\/div>\n\t\t<\/section>\n\t\t\t\t<section class=\"elementor-section elementor-top-section elementor-element elementor-element-637ea4d elementor-section-boxed elementor-section-height-default elementor-section-height-default\" data-id=\"637ea4d\" data-element_type=\"section\">\n\t\t\t\t\t\t<div class=\"elementor-container elementor-column-gap-default\">\n\t\t\t\t\t<div class=\"elementor-column elementor-col-100 elementor-top-column elementor-element elementor-element-442f17b4\" data-id=\"442f17b4\" data-element_type=\"column\">\n\t\t\t<div class=\"elementor-widget-wrap elementor-element-populated\">\n\t\t\t\t\t\t<div class=\"elementor-element elementor-element-514b89dc elementor-widget elementor-widget-heading\" data-id=\"514b89dc\" data-element_type=\"widget\" data-widget_type=\"heading.default\">\n\t\t\t\t<div class=\"elementor-widget-container\">\n\t\t\t\t\t<h2 class=\"elementor-heading-title elementor-size-default\">Conclus\u00e3o<\/h2>\t\t\t\t<\/div>\n\t\t\t\t<\/div>\n\t\t\t\t<div class=\"elementor-element elementor-element-6c88377c elementor-widget elementor-widget-text-editor\" data-id=\"6c88377c\" data-element_type=\"widget\" data-widget_type=\"text-editor.default\">\n\t\t\t\t<div class=\"elementor-widget-container\">\n\t\t\t\t\t\t\t\t\t<p><span data-contrast=\"auto\">A parceria entre a NTSEC e a\u00a0ProjectSA\u00a0na implementa\u00e7\u00e3o personalizada do Microsoft Project for\u00a0the\u00a0Web foi um sucesso. A NTSEC superou os desafios enfrentados com o uso de planilhas no Google, alcan\u00e7ando maior visibilidade, colabora\u00e7\u00e3o aprimorada e efici\u00eancia na gest\u00e3o de projetos. A solu\u00e7\u00e3o implementada permitiu que a NTSEC impulsionasse seu crescimento e mantivesse sua posi\u00e7\u00e3o de destaque no mercado de seguran\u00e7a cibern\u00e9tica.<\/span>\u00a0<\/p>\t\t\t\t\t\t\t\t<\/div>\n\t\t\t\t<\/div>\n\t\t\t\t\t<\/div>\n\t\t<\/div>\n\t\t\t\t\t<\/div>\n\t\t<\/section>\n\t\t\t\t<\/div>","protected":false},"excerpt":{"rendered":"<p>Implanta\u00e7\u00e3o personalizada do Microsoft Project for the Web pela ProjectSA para a NTSEC A empresa NTSEC, especializada em seguran\u00e7a cibern\u00e9tica, enfrentava desafios no gerenciamento de seus projetos devido ao uso de planilhas no Google. Buscando uma solu\u00e7\u00e3o mais eficiente e robusta, a NTSEC optou por implementar o Microsoft Project for\u00a0the\u00a0Web em parceria com a\u00a0ProjectSA. O [&hellip;]<\/p>","protected":false},"author":1,"featured_media":0,"parent":0,"menu_order":0,"comment_status":"closed","ping_status":"closed","template":"","meta":{"_acf_changed":false,"footnotes":""},"class_list":["post-991175","page","type-page","status-publish","hentry"],"acf":[],"_links":{"self":[{"href":"https:\/\/oneplannerppm.com.br\/en\/wp-json\/wp\/v2\/pages\/991175","targetHints":{"allow":["GET"]}}],"collection":[{"href":"https:\/\/oneplannerppm.com.br\/en\/wp-json\/wp\/v2\/pages"}],"about":[{"href":"https:\/\/oneplannerppm.com.br\/en\/wp-json\/wp\/v2\/types\/page"}],"author":[{"embeddable":true,"href":"https:\/\/oneplannerppm.com.br\/en\/wp-json\/wp\/v2\/users\/1"}],"replies":[{"embeddable":true,"href":"https:\/\/oneplannerppm.com.br\/en\/wp-json\/wp\/v2\/comments?post=991175"}],"version-history":[{"count":0,"href":"https:\/\/oneplannerppm.com.br\/en\/wp-json\/wp\/v2\/pages\/991175\/revisions"}],"wp:attachment":[{"href":"https:\/\/oneplannerppm.com.br\/en\/wp-json\/wp\/v2\/media?parent=991175"}],"curies":[{"name":"wp","href":"https:\/\/api.w.org\/{rel}","templated":true}]}}