{"id":990110,"date":"2024-03-31T17:34:26","date_gmt":"2024-03-31T20:34:26","guid":{"rendered":"https:\/\/oneplannerppm.com.br\/?page_id=990110"},"modified":"2024-03-31T17:37:01","modified_gmt":"2024-03-31T20:37:01","slug":"oneplanner-ppm-na-ti-do-agronegocio-projectsa","status":"publish","type":"page","link":"https:\/\/oneplannerppm.com.br\/en\/oneplanner-ppm-na-ti-do-agronegocio-projectsa\/","title":{"rendered":"OnePlanner PPM na TI do Agroneg\u00f3cio &#8211; ProjectSA"},"content":{"rendered":"<div data-elementor-type=\"wp-page\" data-elementor-id=\"990110\" class=\"elementor elementor-990110\" data-elementor-post-type=\"page\">\n\t\t\t\t\t\t<section class=\"elementor-section elementor-top-section elementor-element elementor-element-53bfaae1 elementor-section-boxed elementor-section-height-default elementor-section-height-default\" data-id=\"53bfaae1\" data-element_type=\"section\">\n\t\t\t\t\t\t<div class=\"elementor-container elementor-column-gap-default\">\n\t\t\t\t\t<div class=\"elementor-column elementor-col-100 elementor-top-column elementor-element elementor-element-25e424be\" data-id=\"25e424be\" data-element_type=\"column\">\n\t\t\t<div class=\"elementor-widget-wrap elementor-element-populated\">\n\t\t\t\t\t\t<div class=\"elementor-element elementor-element-6dcf73fe elementor-widget elementor-widget-text-editor\" data-id=\"6dcf73fe\" data-element_type=\"widget\" data-widget_type=\"text-editor.default\">\n\t\t\t\t<div class=\"elementor-widget-container\">\n\t\t\t\t\t\t\t\t\t<p><span data-contrast=\"auto\">A\u00a0ProjectSA, uma renomada provedora de solu\u00e7\u00f5es de gerenciamento de projetos, trabalhou em estreita colabora\u00e7\u00e3o com a empresa\u00a0Jotabasso\u00a0para implementar com sucesso o OnePlanner PPM. Essa implementa\u00e7\u00e3o personalizada resultou em uma transforma\u00e7\u00e3o significativa nas opera\u00e7\u00f5es de gerenciamento de projetos da\u00a0Jotabasso, trazendo maior efici\u00eancia, visibilidade e controle aos seus processos. Atrav\u00e9s dessa parceria bem-sucedida, a\u00a0Jotabasso\u00a0alcan\u00e7ou melhores resultados e superou seus objetivos estrat\u00e9gicos de neg\u00f3cios.<\/span>\u00a0<\/p><p>\u00a0<\/p>\t\t\t\t\t\t\t\t<\/div>\n\t\t\t\t<\/div>\n\t\t\t\t\t<\/div>\n\t\t<\/div>\n\t\t\t\t\t<\/div>\n\t\t<\/section>\n\t\t\t\t<section class=\"elementor-section elementor-top-section elementor-element elementor-element-73cdc88f elementor-section-boxed elementor-section-height-default elementor-section-height-default\" data-id=\"73cdc88f\" data-element_type=\"section\">\n\t\t\t\t\t\t<div class=\"elementor-container elementor-column-gap-default\">\n\t\t\t\t\t<div class=\"elementor-column elementor-col-100 elementor-top-column elementor-element elementor-element-53394c1f\" data-id=\"53394c1f\" data-element_type=\"column\">\n\t\t\t<div class=\"elementor-widget-wrap elementor-element-populated\">\n\t\t\t\t\t\t<div class=\"elementor-element elementor-element-349f6a5b elementor-widget elementor-widget-heading\" data-id=\"349f6a5b\" data-element_type=\"widget\" data-widget_type=\"heading.default\">\n\t\t\t\t<div class=\"elementor-widget-container\">\n\t\t\t\t\t<h2 class=\"elementor-heading-title elementor-size-default\">Descri\u00e7\u00e3o do Projeto<\/h2>\t\t\t\t<\/div>\n\t\t\t\t<\/div>\n\t\t\t\t<div class=\"elementor-element elementor-element-7ba739c7 elementor-widget elementor-widget-text-editor\" data-id=\"7ba739c7\" data-element_type=\"widget\" data-widget_type=\"text-editor.default\">\n\t\t\t\t<div class=\"elementor-widget-container\">\n\t\t\t\t\t\t\t\t\t<p><span data-contrast=\"auto\">A\u00a0Jotabasso, uma empresa l\u00edder no setor de manufatura, enfrentava desafios significativos no gerenciamento de projetos. Com uma extensa carteira de projetos complexos, a empresa tinha dificuldades em obter uma vis\u00e3o consolidada de todos os projetos em andamento, bem como em monitorar o progresso, o cronograma e os recursos alocados. Isso levou a atrasos, lacunas de comunica\u00e7\u00e3o e falta de transpar\u00eancia.<\/span>\u00a0<\/p><p><span data-contrast=\"auto\">A\u00a0ProjectSA\u00a0entrou em cena como parceira estrat\u00e9gica para ajudar a\u00a0Jotabasso\u00a0a superar esses desafios. Primeiramente, os especialistas em gerenciamento de projetos da\u00a0ProjectSA\u00a0realizaram uma an\u00e1lise detalhada das necessidades da\u00a0Jotabasso, compreendendo seus fluxos de trabalho, processos e requisitos espec\u00edficos. Com base nessa an\u00e1lise, a equipe da\u00a0ProjectSA\u00a0desenvolveu uma solu\u00e7\u00e3o personalizada utilizando o OnePlanner PPM.<\/span>\u00a0<\/p>\t\t\t\t\t\t\t\t<\/div>\n\t\t\t\t<\/div>\n\t\t\t\t\t<\/div>\n\t\t<\/div>\n\t\t\t\t\t<\/div>\n\t\t<\/section>\n\t\t\t\t<section class=\"elementor-section elementor-top-section elementor-element elementor-element-542265fe elementor-section-boxed elementor-section-height-default elementor-section-height-default\" data-id=\"542265fe\" data-element_type=\"section\">\n\t\t\t\t\t\t<div class=\"elementor-container elementor-column-gap-default\">\n\t\t\t\t\t<div class=\"elementor-column elementor-col-100 elementor-top-column elementor-element elementor-element-14747507\" data-id=\"14747507\" data-element_type=\"column\">\n\t\t\t<div class=\"elementor-widget-wrap elementor-element-populated\">\n\t\t\t\t\t\t<div class=\"elementor-element elementor-element-6bbbc6f4 elementor-widget elementor-widget-heading\" data-id=\"6bbbc6f4\" data-element_type=\"widget\" data-widget_type=\"heading.default\">\n\t\t\t\t<div class=\"elementor-widget-container\">\n\t\t\t\t\t<h2 class=\"elementor-heading-title elementor-size-default\">Solu\u00e7\u00e3o<\/h2>\t\t\t\t<\/div>\n\t\t\t\t<\/div>\n\t\t\t\t<div class=\"elementor-element elementor-element-798fcfe5 elementor-widget elementor-widget-text-editor\" data-id=\"798fcfe5\" data-element_type=\"widget\" data-widget_type=\"text-editor.default\">\n\t\t\t\t<div class=\"elementor-widget-container\">\n\t\t\t\t\t\t\t\t\t<ol><li><span data-contrast=\"auto\">Centraliza\u00e7\u00e3o dos projetos: Todos os projetos daJotabassof oram consolidados em uma \u00fanica plataforma, fornecendo uma vis\u00e3o unificada de todas as atividades e permitindo uma melhor coordena\u00e7\u00e3o entre as equipes.<\/span>\u00a0<\/li><\/ol><ol start=\"2\"><li><span data-contrast=\"auto\"> Acompanhamento de recursos: A equipe da Jotabasso p\u00f4de alocar recursos de forma eficiente, acompanhando a disponibilidade e as atribui\u00e7\u00f5es de cada membro da equipe em tempo real. Isso ajudou a evitar conflitos e a garantir a utiliza\u00e7\u00e3o ideal dos recursos.<\/span>\u00a0<\/li><\/ol><ol start=\"3\"><li><span data-contrast=\"auto\"> Gest\u00e3o de cronogramas: Com o OnePlanner PPM, a\u00a0Jotabasso\u00a0foi capaz de criar cronogramas detalhados para cada projeto, permitindo o monitoramento cont\u00ednuo do progresso e a identifica\u00e7\u00e3o proativa de poss\u00edveis atrasos.<\/span>\u00a0<\/li><\/ol><ol start=\"4\"><li><span data-contrast=\"auto\"> Colabora\u00e7\u00e3o e comunica\u00e7\u00e3o aprimoradas: A solu\u00e7\u00e3o implementada pela ProjectSA facilitou a colabora\u00e7\u00e3o entre os membros da equipe, fornecendo recursos de compartilhamento de arquivos, coment\u00e1rios e notifica\u00e7\u00f5es em tempo real. Isso ajudou a melhorar a comunica\u00e7\u00e3o interna e a manter todos os envolvidos atualizados sobre o status dos projetos.<\/span>\u00a0<\/li><\/ol>\t\t\t\t\t\t\t\t<\/div>\n\t\t\t\t<\/div>\n\t\t\t\t\t<\/div>\n\t\t<\/div>\n\t\t\t\t\t<\/div>\n\t\t<\/section>\n\t\t\t\t<section class=\"elementor-section elementor-top-section elementor-element elementor-element-65eb49f5 elementor-section-boxed elementor-section-height-default elementor-section-height-default\" data-id=\"65eb49f5\" data-element_type=\"section\">\n\t\t\t\t\t\t<div class=\"elementor-container elementor-column-gap-default\">\n\t\t\t\t\t<div class=\"elementor-column elementor-col-100 elementor-top-column elementor-element elementor-element-38756095\" data-id=\"38756095\" data-element_type=\"column\">\n\t\t\t<div class=\"elementor-widget-wrap elementor-element-populated\">\n\t\t\t\t\t\t<div class=\"elementor-element elementor-element-67a074ea elementor-widget elementor-widget-heading\" data-id=\"67a074ea\" data-element_type=\"widget\" data-widget_type=\"heading.default\">\n\t\t\t\t<div class=\"elementor-widget-container\">\n\t\t\t\t\t<h2 class=\"elementor-heading-title elementor-size-default\">Resultados<\/h2>\t\t\t\t<\/div>\n\t\t\t\t<\/div>\n\t\t\t\t<div class=\"elementor-element elementor-element-3678b288 elementor-widget elementor-widget-text-editor\" data-id=\"3678b288\" data-element_type=\"widget\" data-widget_type=\"text-editor.default\">\n\t\t\t\t<div class=\"elementor-widget-container\">\n\t\t\t\t\t\t\t\t\t<ol>\n<li>\n<p><span data-contrast=\"auto\">A implementa\u00e7\u00e3o personalizada do OnePlanner PPM trouxe diversos resultados positivos para a&nbsp;Jotabasso. Alguns dos principais benef\u00edcios incluem:<\/span>&nbsp;<\/p>\n<ol>\n<li><span data-contrast=\"auto\"> Melhor visibilidade e controle: A Jotabasso agora tem uma vis\u00e3o consolidada de todos os seus projetos, permitindo uma tomada de decis\u00e3o mais informada e um controle mais efetivo sobre os recursos e cronogramas.<\/span>&nbsp;&nbsp;<span style=\"color: var( --e-global-color-vamtam_accent_8 ); letter-spacing: var(--vamtam-primary-font-letter-spacing-desktop,normal); text-transform: var(--vamtam-primary-font-transform,none);\">&nbsp;<\/span><\/li>\n<\/ol>\n<ol start=\"2\">\n<li><span data-contrast=\"auto\"> Efici\u00eancia aprimorada: Com a automa\u00e7\u00e3o de processos e a padroniza\u00e7\u00e3o de fluxos de trabalho, a Jotabasso experimentou um aumento significativo na efici\u00eancia operacional, economizando tempo e recursos valiosos.<\/span>&nbsp;<\/li>\n<\/ol>\n<ol start=\"3\">\n<li><span data-contrast=\"auto\"> Cumprimento de prazos: Acompanhar os cronogramas de forma mais precisa permitiu que a Jotabasso cumprisse prazos com maior consist\u00eancia, melhorando a satisfa\u00e7\u00e3o do cliente e fortalecendo sua reputa\u00e7\u00e3o no mercado.<\/span>&nbsp;<\/li>\n<\/ol>\n<ol start=\"4\">\n<li><span data-contrast=\"auto\"> Colabora\u00e7\u00e3o aprimorada: A equipe da Jotabasso conseguiu colaborar de maneira mais eficaz, compartilhando informa\u00e7\u00f5es e atualiza\u00e7\u00f5es em tempo real, o que resultou em uma comunica\u00e7\u00e3o mais clara e uma tomada de decis\u00e3o mais r\u00e1pida.<\/span>&nbsp;<\/li>\n<\/ol>\n<\/li>\n<\/ol>\t\t\t\t\t\t\t\t<\/div>\n\t\t\t\t<\/div>\n\t\t\t\t\t<\/div>\n\t\t<\/div>\n\t\t\t\t\t<\/div>\n\t\t<\/section>\n\t\t\t\t<section class=\"elementor-section elementor-top-section elementor-element elementor-element-5aa054c8 elementor-section-boxed elementor-section-height-default elementor-section-height-default\" data-id=\"5aa054c8\" data-element_type=\"section\">\n\t\t\t\t\t\t<div class=\"elementor-container elementor-column-gap-default\">\n\t\t\t\t\t<div class=\"elementor-column elementor-col-100 elementor-top-column elementor-element elementor-element-1f7a25f4\" data-id=\"1f7a25f4\" data-element_type=\"column\">\n\t\t\t<div class=\"elementor-widget-wrap elementor-element-populated\">\n\t\t\t\t\t\t<div class=\"elementor-element elementor-element-27737332 elementor-widget elementor-widget-heading\" data-id=\"27737332\" data-element_type=\"widget\" data-widget_type=\"heading.default\">\n\t\t\t\t<div class=\"elementor-widget-container\">\n\t\t\t\t\t<h2 class=\"elementor-heading-title elementor-size-default\">Conclus\u00e3o<\/h2>\t\t\t\t<\/div>\n\t\t\t\t<\/div>\n\t\t\t\t<div class=\"elementor-element elementor-element-23a24903 elementor-widget elementor-widget-text-editor\" data-id=\"23a24903\" data-element_type=\"widget\" data-widget_type=\"text-editor.default\">\n\t\t\t\t<div class=\"elementor-widget-container\">\n\t\t\t\t\t\t\t\t\t<p><span data-contrast=\"auto\">Atrav\u00e9s da implementa\u00e7\u00e3o personalizada do OnePlanner PPM, a\u00a0Jotabasso\u00a0obteve uma transforma\u00e7\u00e3o significativa em sua gest\u00e3o de projetos. A parceria com a\u00a0ProjectSA\u00a0permitiu que a empresa superasse seus desafios e alcan\u00e7asse melhores resultados em termos de efici\u00eancia, controle e entrega de projetos. A\u00a0Jotabasso\u00a0agora est\u00e1 bem posicionada para enfrentar futuros desafios e continuar sua trajet\u00f3ria de crescimento sustent\u00e1vel no setor de manufatura.<\/span>\u00a0<\/p>\t\t\t\t\t\t\t\t<\/div>\n\t\t\t\t<\/div>\n\t\t\t\t\t<\/div>\n\t\t<\/div>\n\t\t\t\t\t<\/div>\n\t\t<\/section>\n\t\t\t\t<\/div>","protected":false},"excerpt":{"rendered":"<p>A\u00a0ProjectSA, uma renomada provedora de solu\u00e7\u00f5es de gerenciamento de projetos, trabalhou em estreita colabora\u00e7\u00e3o com a empresa\u00a0Jotabasso\u00a0para implementar com sucesso o OnePlanner PPM. Essa implementa\u00e7\u00e3o personalizada resultou em uma transforma\u00e7\u00e3o significativa nas opera\u00e7\u00f5es de gerenciamento de projetos da\u00a0Jotabasso, trazendo maior efici\u00eancia, visibilidade e controle aos seus processos. Atrav\u00e9s dessa parceria bem-sucedida, a\u00a0Jotabasso\u00a0alcan\u00e7ou melhores resultados e [&hellip;]<\/p>","protected":false},"author":1,"featured_media":0,"parent":0,"menu_order":0,"comment_status":"closed","ping_status":"closed","template":"","meta":{"_acf_changed":false,"footnotes":""},"class_list":["post-990110","page","type-page","status-publish","hentry"],"acf":[],"_links":{"self":[{"href":"https:\/\/oneplannerppm.com.br\/en\/wp-json\/wp\/v2\/pages\/990110","targetHints":{"allow":["GET"]}}],"collection":[{"href":"https:\/\/oneplannerppm.com.br\/en\/wp-json\/wp\/v2\/pages"}],"about":[{"href":"https:\/\/oneplannerppm.com.br\/en\/wp-json\/wp\/v2\/types\/page"}],"author":[{"embeddable":true,"href":"https:\/\/oneplannerppm.com.br\/en\/wp-json\/wp\/v2\/users\/1"}],"replies":[{"embeddable":true,"href":"https:\/\/oneplannerppm.com.br\/en\/wp-json\/wp\/v2\/comments?post=990110"}],"version-history":[{"count":0,"href":"https:\/\/oneplannerppm.com.br\/en\/wp-json\/wp\/v2\/pages\/990110\/revisions"}],"wp:attachment":[{"href":"https:\/\/oneplannerppm.com.br\/en\/wp-json\/wp\/v2\/media?parent=990110"}],"curies":[{"name":"wp","href":"https:\/\/api.w.org\/{rel}","templated":true}]}}