{"id":6549,"date":"2022-03-01T05:19:00","date_gmt":"2022-03-01T05:19:00","guid":{"rendered":"https:\/\/silicondemos.madrasthemes.com\/about\/?page_id=63"},"modified":"2025-03-12T10:00:00","modified_gmt":"2025-03-12T13:00:00","slug":"quem-somos","status":"publish","type":"page","link":"https:\/\/oneplannerppm.com.br\/en\/quem-somos\/","title":{"rendered":"Who we are"},"content":{"rendered":"<div data-elementor-type=\"wp-page\" data-elementor-id=\"6549\" class=\"elementor elementor-6549\" data-elementor-post-type=\"page\">\n\t\t\t\t\t\t<div class=\"elementor-section elementor-top-section elementor-element elementor-element-5c6e3613 elementor-section-full_width jarallax d-none d-md-block elementor-section-height-default elementor-section-height-default\" data-id=\"5c6e3613\" data-element_type=\"section\" data-settings=\"{&quot;background_background&quot;:&quot;classic&quot;}\" data-jarallax=\"\" data-speed=\"0.4\">\n\t\t\t\t\t\t<div class=\"elementor-container elementor-column-gap-default bg-gradient-primary-translucent\">\n\t\t\t\t\t<div class=\"elementor-column elementor-col-100 elementor-top-column elementor-element elementor-element-75328281\" data-id=\"75328281\" data-element_type=\"column\">\n\t\t\t<div class=\"p-0 elementor-widget-wrap elementor-element-populated\">\n\t\t\t\t\t\t<div class=\"elementor-element elementor-element-5f9928a d-none d-xxl-block elementor-widget-divider--view-line elementor-widget elementor-widget-divider\" data-id=\"5f9928a\" data-element_type=\"widget\" style=\"height: 700px;\" data-widget_type=\"divider.default\">\n\t\t\t\t<div class=\"elementor-widget-container\">\n\t\t\t\t\t\t\t<div class=\"elementor-divider\">\n\t\t\t<span class=\"elementor-divider-separator\">\n\t\t\t\t\t\t<\/span>\n\t\t<\/div>\n\t\t\t\t\t\t<\/div>\n\t\t\t\t<\/div>\n\t\t\t\t<div class=\"elementor-element elementor-element-2ab0de6f d-none d-md-block d-xxl-none elementor-widget-divider--view-line elementor-widget elementor-widget-divider\" data-id=\"2ab0de6f\" data-element_type=\"widget\" style=\"height: 550px;\" data-widget_type=\"divider.default\">\n\t\t\t\t<div class=\"elementor-widget-container\">\n\t\t\t\t\t\t\t<div class=\"elementor-divider\">\n\t\t\t<span class=\"elementor-divider-separator\">\n\t\t\t\t\t\t<\/span>\n\t\t<\/div>\n\t\t\t\t\t\t<\/div>\n\t\t\t\t<\/div>\n\t\t\t\t\t<\/div>\n\t\t<\/div>\n\t\t\t\t\t<\/div>\n\t\t<\/div>\n\t\t\t\t<div class=\"elementor-section elementor-top-section elementor-element elementor-element-7efa24d elementor-section-full_width elementor-section-height-default elementor-section-height-default\" data-id=\"7efa24d\" data-element_type=\"section\">\n\t\t\t\t\t\t<div class=\"elementor-container elementor-column-gap-default\">\n\t\t\t\t\t<div class=\"elementor-column elementor-col-100 elementor-top-column elementor-element elementor-element-584f18eb\" data-id=\"584f18eb\" data-element_type=\"column\">\n\t\t\t<div class=\"p-0 elementor-widget-wrap elementor-element-populated\">\n\t\t\t\t\t\t<div class=\"elementor-element elementor-element-7a50654 elementor-widget elementor-widget-si-silicon-breadcrumb\" data-id=\"7a50654\" data-element_type=\"widget\" data-widget_type=\"si-silicon-breadcrumb.default\">\n\t\t\t\t<div class=\"elementor-widget-container\">\n\t\t\t\t\t<nav aria-label=\"breadcrumb\" class=\"container py-4 mb-2 my-lg-3\"><ol class=\"breadcrumb mb-0\"><li class=\"breadcrumb-item active\"><span>&lt;i class=&quot;bx bx-home-alt fs-lg me-1&quot;&gt;&lt;\/i&gt;Home<\/span><\/li><\/ol><\/nav>\t\t\t\t<\/div>\n\t\t\t\t<\/div>\n\t\t\t\t\t<\/div>\n\t\t<\/div>\n\t\t\t\t\t<\/div>\n\t\t<\/div>\n\t\t\t\t<section class=\"elementor-section elementor-top-section elementor-element elementor-element-7f61e31 elementor-section-boxed elementor-section-height-default elementor-section-height-default\" data-id=\"7f61e31\" data-element_type=\"section\">\n\t\t\t\t\t\t<div class=\"elementor-container elementor-column-gap-default\">\n\t\t\t\t\t<div class=\"elementor-column elementor-col-100 elementor-top-column elementor-element elementor-element-2f1a66c\" data-id=\"2f1a66c\" data-element_type=\"column\">\n\t\t\t<div class=\"elementor-widget-wrap elementor-element-populated\">\n\t\t\t\t\t\t<div class=\"elementor-element elementor-element-69cf582 elementor-widget elementor-widget-image\" data-id=\"69cf582\" data-element_type=\"widget\" data-widget_type=\"image.default\">\n\t\t\t\t<div class=\"elementor-widget-container\">\n\t\t\t\t\t\t\t\t\t\t\t\t\t\t\t<img decoding=\"async\" width=\"300\" height=\"61\" data-src=\"https:\/\/oneplannerppm.com.br\/wp-content\/uploads\/2025\/01\/PROJECTSA-LOGO-PADRAO-Copia-300x61.png\" class=\"attachment-medium size-medium wp-image-991689 lazyload\" alt=\"Quem somos - ProjectSA\" data-srcset=\"https:\/\/oneplannerppm.com.br\/wp-content\/uploads\/2025\/01\/PROJECTSA-LOGO-PADRAO-Copia-300x61.png 300w, https:\/\/oneplannerppm.com.br\/wp-content\/uploads\/2025\/01\/PROJECTSA-LOGO-PADRAO-Copia-1024x208.png 1024w, https:\/\/oneplannerppm.com.br\/wp-content\/uploads\/2025\/01\/PROJECTSA-LOGO-PADRAO-Copia-768x156.png 768w, https:\/\/oneplannerppm.com.br\/wp-content\/uploads\/2025\/01\/PROJECTSA-LOGO-PADRAO-Copia-1536x312.png 1536w, https:\/\/oneplannerppm.com.br\/wp-content\/uploads\/2025\/01\/PROJECTSA-LOGO-PADRAO-Copia-2048x415.png 2048w\" data-sizes=\"(max-width: 300px) 100vw, 300px\" title=\"\" src=\"data:image\/svg+xml;base64,PHN2ZyB3aWR0aD0iMSIgaGVpZ2h0PSIxIiB4bWxucz0iaHR0cDovL3d3dy53My5vcmcvMjAwMC9zdmciPjwvc3ZnPg==\" style=\"--smush-placeholder-width: 300px; --smush-placeholder-aspect-ratio: 300\/61;\">\t\t\t\t\t\t\t\t\t\t\t\t\t\t\t<\/div>\n\t\t\t\t<\/div>\n\t\t\t\t<div class=\"elementor-element elementor-element-638a8bd elementor-widget elementor-widget-spacer\" data-id=\"638a8bd\" data-element_type=\"widget\" data-widget_type=\"spacer.default\">\n\t\t\t\t<div class=\"elementor-widget-container\">\n\t\t\t\t\t\t\t<div class=\"elementor-spacer\">\n\t\t\t<div class=\"elementor-spacer-inner\"><\/div>\n\t\t<\/div>\n\t\t\t\t\t\t<\/div>\n\t\t\t\t<\/div>\n\t\t\t\t\t<\/div>\n\t\t<\/div>\n\t\t\t\t\t<\/div>\n\t\t<\/section>\n\t\t\t\t<section class=\"elementor-section elementor-top-section elementor-element elementor-element-6c40640b elementor-section-full_width container pb-5 mb-md-2 mb-lg-4 elementor-section-height-default elementor-section-height-default\" data-id=\"6c40640b\" data-element_type=\"section\">\n\t\t\t\t\t\t<div class=\"elementor-container elementor-column-gap-default\">\n\t\t\t\t\t<div class=\"elementor-column elementor-col-100 elementor-top-column elementor-element elementor-element-3035d2df\" data-id=\"3035d2df\" data-element_type=\"column\">\n\t\t\t<div class=\"p-0 elementor-widget-wrap elementor-element-populated\">\n\t\t\t\t\t\t<div class=\"elementor-element elementor-element-32d9c6d9 elementor-widget elementor-widget-highlighted-heading\" data-id=\"32d9c6d9\" data-element_type=\"widget\" data-widget_type=\"highlighted-heading.default\">\n\t\t\t\t<div class=\"elementor-widget-container\">\n\t\t\t\t\t<h1 class=\"silicon-elementor-highlighted-heading__title border-bottom pb-4\"><span class=\"si-multipurpose-text__before\">OnePlanner PPM, um produto da ProjectSA Consultoria<\/span><\/h1>\t\t\t\t<\/div>\n\t\t\t\t<\/div>\n\t\t\t\t<div class=\"elementor-section elementor-inner-section elementor-element elementor-element-76fbb74f elementor-section-full_width elementor-section-height-default elementor-section-height-default\" data-id=\"76fbb74f\" data-element_type=\"section\">\n\t\t\t\t\t\t<div class=\"elementor-container elementor-column-gap-default row pt-2 pt-md-3 row-margin\">\n\t\t\t\t\t<div class=\"elementor-column elementor-col-50 elementor-inner-column elementor-element elementor-element-6c9f95c col-md-6\" data-id=\"6c9f95c\" data-element_type=\"column\">\n\t\t\t<div class=\"p-0 elementor-widget-wrap elementor-element-populated\">\n\t\t\t\t\t\t<div class=\"elementor-element elementor-element-11c59cf elementor-widget elementor-widget-text-editor\" data-id=\"11c59cf\" data-element_type=\"widget\" data-widget_type=\"text-editor.default\">\n\t\t\t\t<div class=\"elementor-widget-container\">\n\t\t\t\t\t\t\t\t\t<div data-id=\"868305d\" data-element_type=\"widget\" data-widget_type=\"text-editor.default\"><div data-id=\"390c4e4f\" data-element_type=\"widget\" data-widget_type=\"text-editor.default\"><div><p>A hist\u00f3ria da ProjectSA remonta a 2003, quando surgiu da necessidade premente de oferecer um servi\u00e7o de gest\u00e3o de projetos de alta qualidade, liderado por profissionais experientes na \u00e1rea. Desde ent\u00e3o, a empresa tem trilhado um caminho de crescimento e evolu\u00e7\u00e3o, consolidando-se como um ator fundamental no cen\u00e1rio de gerenciamento de projetos e solu\u00e7\u00f5es PPM (Portf\u00f3lio and Project Management).<\/p><\/div><\/div><div data-id=\"0fe2473\" data-element_type=\"widget\" data-widget_type=\"text-editor.default\"><div><p>Ao longo dos anos, a ProjectSA expandiu suas fronteiras, acumulando uma valiosa experi\u00eancia em projetos n\u00e3o apenas em sua terra natal, o Brasil, mas tamb\u00e9m em \u00e2mbitos internacionais, incluindo os Estados Unidos, Peru, Angola e Argentina. Essa experi\u00eancia diversificada permitiu que a empresa se destacasse em uma variedade de setores verticais, atendendo a uma ampla gama de necessidades e desafios de neg\u00f3cios.<\/p><p>O compromisso fundamental da ProjectSA sempre foi a resolu\u00e7\u00e3o eficiente dos problemas de neg\u00f3cios de seus clientes. Com esse objetivo em mente, a empresa deu um passo adiante, imergindo profundamente nas tecnologias de vanguarda, como Power BI,\u00a0<span style=\"background-color: var(--bs-body-bg); color: var(--bs-body-color); font-family: var(--bs-body-font-family); font-weight: var(--bs-body-font-weight); text-align: var(--bs-body-text-align);\">Power Apps, Power Automation e Dynamics 365. Hoje, a ProjectSA \u00e9 reconhecida como uma autoridade em especialistas\u00a0<\/span><\/p><\/div><\/div><\/div>\t\t\t\t\t\t\t\t<\/div>\n\t\t\t\t<\/div>\n\t\t\t\t\t<\/div>\n\t\t<\/div>\n\t\t\t\t<div class=\"elementor-column elementor-col-50 elementor-inner-column elementor-element elementor-element-4bcefc36 col-md-6\" data-id=\"4bcefc36\" data-element_type=\"column\">\n\t\t\t<div class=\"p-0 elementor-widget-wrap elementor-element-populated\">\n\t\t\t\t\t\t<div class=\"elementor-element elementor-element-3d64913 elementor-widget elementor-widget-text-editor\" data-id=\"3d64913\" data-element_type=\"widget\" data-widget_type=\"text-editor.default\">\n\t\t\t\t<div class=\"elementor-widget-container\">\n\t\t\t\t\t\t\t\t\t<div data-id=\"868305d\" data-element_type=\"widget\" data-widget_type=\"text-editor.default\"><div class=\"elementor-element elementor-element-aa05796 elementor-widget elementor-widget-text-editor\" data-id=\"aa05796\" data-element_type=\"widget\" data-widget_type=\"text-editor.default\"><div class=\"elementor-widget-container\"><p>nessas tecnologias, oferecendo um leque completo de servi\u00e7os para ajudar as empresas a maximizar seu potencial e impulsionar sua efici\u00eancia operacional.<\/p><\/div><\/div><div class=\"elementor-element elementor-element-5492cb1 elementor-widget elementor-widget-text-editor\" data-id=\"5492cb1\" data-element_type=\"widget\" data-widget_type=\"text-editor.default\"><div class=\"elementor-widget-container\"><p>A equipe altamente capacitada da ProjectSA est\u00e1 empenhada em fornecer solu\u00e7\u00f5es sob medida que atendam \u00e0s necessidades \u00fanicas de cada cliente. A abordagem centrada no cliente da empresa garante que cada projeto seja tratado com a m\u00e1xima aten\u00e7\u00e3o aos detalhes, visando sempre a satisfa\u00e7\u00e3o e o sucesso do cliente.<\/p><\/div><\/div><div class=\"elementor-element elementor-element-e6289d4 elementor-widget elementor-widget-text-editor\" data-id=\"e6289d4\" data-element_type=\"widget\" data-widget_type=\"text-editor.default\"><div class=\"elementor-widget-container\"><p>\u00c0 medida que a ProjectSA continua sua trajet\u00f3ria de crescimento e inova\u00e7\u00e3o, seu compromisso inabal\u00e1vel com a excel\u00eancia e o servi\u00e7o excepcional continua a ser a pedra angular de sua miss\u00e3o. A empresa aguarda ansiosamente a oportunidade de colaborar com mais clientes, enfrentar novos desafios e continuar a liderar o caminho na entrega de solu\u00e7\u00f5es de gerenciamento de projetos e tecnologia de ponta. Se voc\u00ea procura parceiros confi\u00e1veis e experientes para impulsionar o sucesso de seus projetos e opera\u00e7\u00f5es de neg\u00f3cios, a ProjectSA \u00e9 a escolha certa. Entre em contato hoje mesmo e descubra como podemos ajud\u00e1-lo a alcan\u00e7ar seus objetivos de forma eficaz e eficiente.<\/p><\/div><\/div><\/div>\t\t\t\t\t\t\t\t<\/div>\n\t\t\t\t<\/div>\n\t\t\t\t\t<\/div>\n\t\t<\/div>\n\t\t\t\t\t<\/div>\n\t\t<\/div>\n\t\t\t\t\t<\/div>\n\t\t<\/div>\n\t\t\t\t\t<\/div>\n\t\t<\/section>\n\t\t\t\t<section class=\"elementor-section elementor-top-section elementor-element elementor-element-b3e3dbf elementor-section-boxed elementor-section-height-default elementor-section-height-default\" data-id=\"b3e3dbf\" data-element_type=\"section\">\n\t\t\t\t\t\t<div class=\"elementor-container elementor-column-gap-default\">\n\t\t\t\t\t<div class=\"elementor-column elementor-col-100 elementor-top-column elementor-element elementor-element-0545c38\" data-id=\"0545c38\" data-element_type=\"column\">\n\t\t\t<div class=\"elementor-widget-wrap elementor-element-populated\">\n\t\t\t\t\t\t<div class=\"elementor-element elementor-element-e3682e6 elementor-widget elementor-widget-image\" data-id=\"e3682e6\" data-element_type=\"widget\" data-widget_type=\"image.default\">\n\t\t\t\t<div class=\"elementor-widget-container\">\n\t\t\t\t\t\t\t\t\t\t\t\t\t\t\t<img decoding=\"async\" width=\"300\" height=\"142\" data-src=\"https:\/\/oneplannerppm.com.br\/wp-content\/uploads\/2025\/02\/MS-PLANNER-PARTNER-300x142.png\" class=\"attachment-medium size-medium wp-image-991729 lazyload\" alt=\"Dashboard do One Planner PPM exibindo indicadores-chave de projeto\" data-srcset=\"https:\/\/oneplannerppm.com.br\/wp-content\/uploads\/2025\/02\/MS-PLANNER-PARTNER-300x142.png 300w, https:\/\/oneplannerppm.com.br\/wp-content\/uploads\/2025\/02\/MS-PLANNER-PARTNER-1024x484.png 1024w, https:\/\/oneplannerppm.com.br\/wp-content\/uploads\/2025\/02\/MS-PLANNER-PARTNER-768x363.png 768w, https:\/\/oneplannerppm.com.br\/wp-content\/uploads\/2025\/02\/MS-PLANNER-PARTNER-1536x725.png 1536w, https:\/\/oneplannerppm.com.br\/wp-content\/uploads\/2025\/02\/MS-PLANNER-PARTNER-e1739185401279.png 150w\" data-sizes=\"(max-width: 300px) 100vw, 300px\" title=\"\" src=\"data:image\/svg+xml;base64,PHN2ZyB3aWR0aD0iMSIgaGVpZ2h0PSIxIiB4bWxucz0iaHR0cDovL3d3dy53My5vcmcvMjAwMC9zdmciPjwvc3ZnPg==\" style=\"--smush-placeholder-width: 300px; --smush-placeholder-aspect-ratio: 300\/142;\">\t\t\t\t\t\t\t\t\t\t\t\t\t\t\t<\/div>\n\t\t\t\t<\/div>\n\t\t\t\t<div class=\"elementor-element elementor-element-75f474d elementor-widget elementor-widget-spacer\" data-id=\"75f474d\" data-element_type=\"widget\" data-widget_type=\"spacer.default\">\n\t\t\t\t<div class=\"elementor-widget-container\">\n\t\t\t\t\t\t\t<div class=\"elementor-spacer\">\n\t\t\t<div class=\"elementor-spacer-inner\"><\/div>\n\t\t<\/div>\n\t\t\t\t\t\t<\/div>\n\t\t\t\t<\/div>\n\t\t\t\t\t<\/div>\n\t\t<\/div>\n\t\t\t\t\t<\/div>\n\t\t<\/section>\n\t\t\t\t<footer class=\"elementor-section elementor-top-section elementor-element elementor-element-da456f0 elementor-section-full_width footer bg-secondary pt-5 pb-4 pb-lg-5 elementor-section-height-default elementor-section-height-default\" data-id=\"da456f0\" data-element_type=\"section\">\n\t\t\t\t\t\t<div class=\"elementor-container elementor-column-gap-default container pt-lg-4 row px-0\">\n\t\t\t\t\t<div class=\"elementor-column elementor-col-50 elementor-top-column elementor-element elementor-element-e95079d col-lg-4 col-md-6\" data-id=\"e95079d\" data-element_type=\"column\">\n\t\t\t<div class=\"p-0 elementor-widget-wrap elementor-element-populated\">\n\t\t\t\t\t\t<div class=\"elementor-element elementor-element-2f120a3 elementor-widget elementor-widget-si-logo\" data-id=\"2f120a3\" data-element_type=\"widget\" data-widget_type=\"si-logo.default\">\n\t\t\t\t<div class=\"elementor-widget-container\">\n\t\t\t\t\t\t\t<div class=\"navbar-brand text-dark mb-lg-4 si-logo__wrap p-0 me-0 mb-3\">\n\t\t\t<img decoding=\"async\" data-src=\"http:\/\/oneplannerppm.com.br\/wp-content\/uploads\/2024\/04\/cropped-fivecon.png\" width=\"47\" alt=\"cropped-fivecon.png\" title=\"\" src=\"data:image\/svg+xml;base64,PHN2ZyB3aWR0aD0iMSIgaGVpZ2h0PSIxIiB4bWxucz0iaHR0cDovL3d3dy53My5vcmcvMjAwMC9zdmciPjwvc3ZnPg==\" class=\"lazyload\">\n\t\t\t<span class=\"si-logo__title\">OnePlanner PPM<\/span>\n\t\t<\/div>\n\t\t\t\t\t\t<\/div>\n\t\t\t\t<\/div>\n\t\t\t\t<div class=\"elementor-element elementor-element-961a26a elementor-widget elementor-widget-text-editor\" data-id=\"961a26a\" data-element_type=\"widget\" data-widget_type=\"text-editor.default\">\n\t\t\t\t<div class=\"elementor-widget-container\">\n\t\t\t\t\t\t\t\t\t<p>OnePlanner is a solution for Microsoft Project for the Web | Planner Premium developed by ProjectSA Consultoria e Treinamento.<\/p>\t\t\t\t\t\t\t\t<\/div>\n\t\t\t\t<\/div>\n\t\t\t\t\t<\/div>\n\t\t<\/div>\n\t\t\t\t<div class=\"elementor-column elementor-col-50 elementor-top-column elementor-element elementor-element-76dec99 col-xl-6 col-lg-7 col-md-5 offset-xl-2 offset-md-1 pt-4 pt-md-1 pt-lg-0\" data-id=\"76dec99\" data-element_type=\"column\">\n\t\t\t<div class=\"p-0 elementor-widget-wrap elementor-element-populated\">\n\t\t\t\t\t\t<div class=\"elementor-element elementor-element-21d0598 elementor-shape-circle e-grid-align-left elementor-grid-0 elementor-widget elementor-widget-social-icons\" data-id=\"21d0598\" data-element_type=\"widget\" data-widget_type=\"social-icons.default\">\n\t\t\t\t<div class=\"elementor-widget-container\">\n\t\t\t\t\t\t\t<div class=\"elementor-social-icons-wrapper elementor-grid\" role=\"list\">\n\t\t\t\t\t\t\t<span class=\"elementor-grid-item\" role=\"listitem\">\n\t\t\t\t\t<a class=\"elementor-icon elementor-social-icon elementor-social-icon-x-twitter elementor-repeater-item-015e7ef\" href=\"https:\/\/x.com\/projectsa\" target=\"_blank\" rel=\"nofollow\">\n\t\t\t\t\t\t<span class=\"elementor-screen-only\">X-twitter<\/span>\n\t\t\t\t\t\t<i aria-hidden=\"true\" class=\"fab fa-x-twitter\"><\/i>\t\t\t\t\t<\/a>\n\t\t\t\t<\/span>\n\t\t\t\t\t\t\t<span class=\"elementor-grid-item\" role=\"listitem\">\n\t\t\t\t\t<a class=\"elementor-icon elementor-social-icon elementor-social-icon-youtube elementor-repeater-item-79efb48\" target=\"_blank\">\n\t\t\t\t\t\t<span class=\"elementor-screen-only\">Youtube<\/span>\n\t\t\t\t\t\t<i aria-hidden=\"true\" class=\"fab fa-youtube\"><\/i>\t\t\t\t\t<\/a>\n\t\t\t\t<\/span>\n\t\t\t\t\t\t\t<span class=\"elementor-grid-item\" role=\"listitem\">\n\t\t\t\t\t<a class=\"elementor-icon elementor-social-icon elementor-social-icon-linkedin elementor-repeater-item-522894e\" target=\"_blank\">\n\t\t\t\t\t\t<span class=\"elementor-screen-only\">Linkedin<\/span>\n\t\t\t\t\t\t<i aria-hidden=\"true\" class=\"fab fa-linkedin\"><\/i>\t\t\t\t\t<\/a>\n\t\t\t\t<\/span>\n\t\t\t\t\t<\/div>\n\t\t\t\t\t\t<\/div>\n\t\t\t\t<\/div>\n\t\t\t\t<div class=\"elementor-element elementor-element-e1ee2b6 elementor-widget elementor-widget-spacer\" data-id=\"e1ee2b6\" data-element_type=\"widget\" data-widget_type=\"spacer.default\">\n\t\t\t\t<div class=\"elementor-widget-container\">\n\t\t\t\t\t\t\t<div class=\"elementor-spacer\">\n\t\t\t<div class=\"elementor-spacer-inner\"><\/div>\n\t\t<\/div>\n\t\t\t\t\t\t<\/div>\n\t\t\t\t<\/div>\n\t\t\t\t<div class=\"elementor-element elementor-element-1f3733b elementor-icon-list--layout-traditional elementor-list-item-link-full_width elementor-widget elementor-widget-icon-list\" data-id=\"1f3733b\" data-element_type=\"widget\" data-widget_type=\"icon-list.default\">\n\t\t\t\t<div class=\"elementor-widget-container\">\n\t\t\t\t\t\t\t<ul class=\"elementor-icon-list-items\">\n\t\t\t\t\t\t\t<li class=\"elementor-icon-list-item\">\n\t\t\t\t\t\t\t\t\t\t\t<span class=\"elementor-icon-list-icon\">\n\t\t\t\t\t\t\t<i aria-hidden=\"true\" class=\"bx  bxl-whatsapp\"><\/i>\t\t\t\t\t\t<\/span>\n\t\t\t\t\t\t\t\t\t\t<span class=\"elementor-icon-list-text\">+55 11 3831.1757<\/span>\n\t\t\t\t\t\t\t\t\t<\/li>\n\t\t\t\t\t\t\t\t<li class=\"elementor-icon-list-item\">\n\t\t\t\t\t\t\t\t\t\t\t<span class=\"elementor-icon-list-icon\">\n\t\t\t\t\t\t\t<i aria-hidden=\"true\" class=\"bx  bx-mail-send\"><\/i>\t\t\t\t\t\t<\/span>\n\t\t\t\t\t\t\t\t\t\t<span class=\"elementor-icon-list-text\">projectsa@projectsa.com.br<\/span>\n\t\t\t\t\t\t\t\t\t<\/li>\n\t\t\t\t\t\t<\/ul>\n\t\t\t\t\t\t<\/div>\n\t\t\t\t<\/div>\n\t\t\t\t<div class=\"elementor-element elementor-element-c8329e6 elementor-widget elementor-widget-spacer\" data-id=\"c8329e6\" data-element_type=\"widget\" data-widget_type=\"spacer.default\">\n\t\t\t\t<div class=\"elementor-widget-container\">\n\t\t\t\t\t\t\t<div class=\"elementor-spacer\">\n\t\t\t<div class=\"elementor-spacer-inner\"><\/div>\n\t\t<\/div>\n\t\t\t\t\t\t<\/div>\n\t\t\t\t<\/div>\n\t\t\t\t<div class=\"elementor-element elementor-element-34f015c elementor-widget elementor-widget-text-editor\" data-id=\"34f015c\" data-element_type=\"widget\" data-widget_type=\"text-editor.default\">\n\t\t\t\t<div class=\"elementor-widget-container\">\n\t\t\t\t\t\t\t\t\t<p>Av. Moffarej 348 \/ 204 - S\u00e3o Paulo - 05311-000<\/p>\t\t\t\t\t\t\t\t<\/div>\n\t\t\t\t<\/div>\n\t\t\t\t\t<\/div>\n\t\t<\/div>\n\t\t\t\t\t<\/div>\n\t\t<\/footer>\n\t\t\t\t<\/div>","protected":false},"excerpt":{"rendered":"<p>&lt;i class=&quot;bx bx-home-alt fs-lg me-1&quot;&gt;&lt;\/i&gt;Home OnePlanner PPM, um produto da ProjectSA Consultoria A hist\u00f3ria da ProjectSA remonta a 2003, quando surgiu da necessidade premente de oferecer um servi\u00e7o de gest\u00e3o de projetos de alta qualidade, liderado por profissionais experientes na \u00e1rea. Desde ent\u00e3o, a empresa tem trilhado um caminho de crescimento e evolu\u00e7\u00e3o, consolidando-se como [&hellip;]<\/p>","protected":false},"author":1,"featured_media":0,"parent":0,"menu_order":0,"comment_status":"closed","ping_status":"closed","template":"elementor_header_footer","meta":{"_acf_changed":false,"footnotes":""},"class_list":["post-6549","page","type-page","status-publish","hentry"],"acf":[],"_links":{"self":[{"href":"https:\/\/oneplannerppm.com.br\/en\/wp-json\/wp\/v2\/pages\/6549","targetHints":{"allow":["GET"]}}],"collection":[{"href":"https:\/\/oneplannerppm.com.br\/en\/wp-json\/wp\/v2\/pages"}],"about":[{"href":"https:\/\/oneplannerppm.com.br\/en\/wp-json\/wp\/v2\/types\/page"}],"author":[{"embeddable":true,"href":"https:\/\/oneplannerppm.com.br\/en\/wp-json\/wp\/v2\/users\/1"}],"replies":[{"embeddable":true,"href":"https:\/\/oneplannerppm.com.br\/en\/wp-json\/wp\/v2\/comments?post=6549"}],"version-history":[{"count":0,"href":"https:\/\/oneplannerppm.com.br\/en\/wp-json\/wp\/v2\/pages\/6549\/revisions"}],"wp:attachment":[{"href":"https:\/\/oneplannerppm.com.br\/en\/wp-json\/wp\/v2\/media?parent=6549"}],"curies":[{"name":"wp","href":"https:\/\/api.w.org\/{rel}","templated":true}]}}