{"id":6383,"date":"2022-03-01T11:16:27","date_gmt":"2022-03-01T11:16:27","guid":{"rendered":"https:\/\/silicondemos.madrasthemes.com\/blog-pages\/?page_id=80"},"modified":"2025-06-05T08:22:50","modified_gmt":"2025-06-05T11:22:50","slug":"blog-oneplanner-ppm","status":"publish","type":"page","link":"https:\/\/oneplannerppm.com.br\/en\/blog-oneplanner-ppm\/","title":{"rendered":"Blog"},"content":{"rendered":"<div data-elementor-type=\"wp-page\" data-elementor-id=\"6383\" class=\"elementor elementor-6383\" data-elementor-post-type=\"page\">\n\t\t\t\t\t\t<section class=\"elementor-section elementor-top-section elementor-element elementor-element-1352c341 elementor-section-full_width elementor-section-height-default elementor-section-height-default\" data-id=\"1352c341\" data-element_type=\"section\">\n\t\t\t\t\t\t<div class=\"elementor-container elementor-column-gap-default\">\n\t\t\t\t\t<div class=\"elementor-column elementor-col-100 elementor-top-column elementor-element elementor-element-6362309e\" data-id=\"6362309e\" data-element_type=\"column\">\n\t\t\t<div class=\"p-0 elementor-widget-wrap elementor-element-populated\">\n\t\t\t\t\t\t<div class=\"elementor-element elementor-element-4a026080 elementor-widget elementor-widget-si-silicon-breadcrumb\" data-id=\"4a026080\" data-element_type=\"widget\" data-widget_type=\"si-silicon-breadcrumb.default\">\n\t\t\t\t<div class=\"elementor-widget-container\">\n\t\t\t\t\t<nav aria-label=\"breadcrumb\" class=\"container mt-lg-4 pt-5\"><ol class=\"breadcrumb mb-0 pt-5\"><li class=\"breadcrumb-item active\"><span>&lt;i class=&quot;bx bx-home-alt fs-lg me-1&quot;&gt;&lt;\/i&gt;Home<\/span><\/li><\/ol><\/nav>\t\t\t\t<\/div>\n\t\t\t\t<\/div>\n\t\t\t\t\t<\/div>\n\t\t<\/div>\n\t\t\t\t\t<\/div>\n\t\t<\/section>\n\t\t\t\t<section class=\"elementor-section elementor-top-section elementor-element elementor-element-5456e769 elementor-section-full_width mt-4 pt-lg-2 mb-4 pb-1 pb-md-3 elementor-section-height-default elementor-section-height-default\" data-id=\"5456e769\" data-element_type=\"section\">\n\t\t\t\t\t\t<div class=\"elementor-container elementor-column-gap-default container\">\n\t\t\t\t\t<div class=\"elementor-column elementor-col-100 elementor-top-column elementor-element elementor-element-667fb8d6\" data-id=\"667fb8d6\" data-element_type=\"column\">\n\t\t\t<div class=\"p-0 elementor-widget-wrap elementor-element-populated\">\n\t\t\t\t\t\t<section class=\"elementor-section elementor-inner-section elementor-element elementor-element-064e35b elementor-section-boxed elementor-section-height-default elementor-section-height-default\" data-id=\"064e35b\" data-element_type=\"section\">\n\t\t\t\t\t\t<div class=\"elementor-container elementor-column-gap-default\">\n\t\t\t\t\t<div class=\"elementor-column elementor-col-100 elementor-inner-column elementor-element elementor-element-3889821\" data-id=\"3889821\" data-element_type=\"column\">\n\t\t\t<div class=\"elementor-widget-wrap elementor-element-populated\">\n\t\t\t\t\t\t<div class=\"elementor-element elementor-element-d8636b8 elementor-grid-3 elementor-grid-tablet-2 elementor-grid-mobile-1 elementor-posts--thumbnail-top elementor-card-shadow-yes elementor-posts__hover-gradient elementor-widget elementor-widget-posts\" data-id=\"d8636b8\" data-element_type=\"widget\" data-settings=\"{&quot;pagination_type&quot;:&quot;numbers&quot;,&quot;cards_masonry&quot;:&quot;yes&quot;,&quot;cards_columns&quot;:&quot;3&quot;,&quot;cards_columns_tablet&quot;:&quot;2&quot;,&quot;cards_columns_mobile&quot;:&quot;1&quot;,&quot;cards_row_gap&quot;:{&quot;unit&quot;:&quot;px&quot;,&quot;size&quot;:35,&quot;sizes&quot;:[]},&quot;cards_row_gap_tablet&quot;:{&quot;unit&quot;:&quot;px&quot;,&quot;size&quot;:&quot;&quot;,&quot;sizes&quot;:[]},&quot;cards_row_gap_mobile&quot;:{&quot;unit&quot;:&quot;px&quot;,&quot;size&quot;:&quot;&quot;,&quot;sizes&quot;:[]}}\" data-widget_type=\"posts.cards\">\n\t\t\t\t<div class=\"elementor-widget-container\">\n\t\t\t\t\t\t\t<div class=\"elementor-posts-container elementor-posts elementor-posts--skin-cards elementor-grid\">\n\t\t\t\t<article class=\"elementor-post elementor-grid-item post-992435 post type-post status-publish format-standard has-post-thumbnail hentry category-blog-new-planner tag-gestao-de-projetos tag-microsoft-365 tag-microsoft-planner tag-oneplannerppm tag-planner-premium tag-pmo tag-power-platform tag-project-for-the-web tag-project-management\">\n\t\t\t<div class=\"elementor-post__card\">\n\t\t\t\t<a class=\"elementor-post__thumbnail__link\" href=\"https:\/\/oneplannerppm.com.br\/en\/limites-do-microsoft-planner-premium-o-que-voce-precisa-saber\/\" tabindex=\"-1\"><div class=\"elementor-post__thumbnail\"><img fetchpriority=\"high\" decoding=\"async\" width=\"300\" height=\"199\" src=\"https:\/\/oneplannerppm.com.br\/wp-content\/uploads\/2025\/10\/road-sign-in-the-form-of-a-white-rectangle-in-a-re-2025-03-31-17-19-57-utc-300x199.jpg\" class=\"attachment-medium size-medium wp-image-992436\" alt=\"\" srcset=\"https:\/\/oneplannerppm.com.br\/wp-content\/uploads\/2025\/10\/road-sign-in-the-form-of-a-white-rectangle-in-a-re-2025-03-31-17-19-57-utc-300x199.jpg 300w, https:\/\/oneplannerppm.com.br\/wp-content\/uploads\/2025\/10\/road-sign-in-the-form-of-a-white-rectangle-in-a-re-2025-03-31-17-19-57-utc-1024x678.jpg 1024w, https:\/\/oneplannerppm.com.br\/wp-content\/uploads\/2025\/10\/road-sign-in-the-form-of-a-white-rectangle-in-a-re-2025-03-31-17-19-57-utc-768x509.jpg 768w, https:\/\/oneplannerppm.com.br\/wp-content\/uploads\/2025\/10\/road-sign-in-the-form-of-a-white-rectangle-in-a-re-2025-03-31-17-19-57-utc-1536x1018.jpg 1536w, https:\/\/oneplannerppm.com.br\/wp-content\/uploads\/2025\/10\/road-sign-in-the-form-of-a-white-rectangle-in-a-re-2025-03-31-17-19-57-utc-2048x1357.jpg 2048w, https:\/\/oneplannerppm.com.br\/wp-content\/uploads\/2025\/10\/road-sign-in-the-form-of-a-white-rectangle-in-a-re-2025-03-31-17-19-57-utc-18x12.jpg 18w\" sizes=\"(max-width: 300px) 100vw, 300px\" title=\"\"><\/div><\/a>\n\t\t\t\t<div class=\"elementor-post__badge\">New planner<\/div>\n\t\t\t\t<div class=\"elementor-post__text\">\n\t\t\t\t<h3 class=\"elementor-post__title\">\n\t\t\t<a href=\"https:\/\/oneplannerppm.com.br\/en\/limites-do-microsoft-planner-premium-o-que-voce-precisa-saber\/\">\n\t\t\t\tLimites do Microsoft Planner Premium: o que voc\u00ea precisa saber\t\t\t<\/a>\n\t\t<\/h3>\n\t\t\t\t<div class=\"elementor-post__excerpt\">\n\t\t\t<p>O Planner Premium (antigo Project for the Web) \u00e9 uma excelente ferramenta para gest\u00e3o de tarefas e projetos \u2014 mas,<\/p>\n\t\t<\/div>\n\t\t\n\t\t<a class=\"elementor-post__read-more\" href=\"https:\/\/oneplannerppm.com.br\/en\/limites-do-microsoft-planner-premium-o-que-voce-precisa-saber\/\" aria-label=\"Read more about Limites do Microsoft Planner Premium: o que voc\u00ea precisa saber\" tabindex=\"-1\">\n\t\t\tMais \u00bb\t\t<\/a>\n\n\t\t\t\t<\/div>\n\t\t\t\t\t<\/div>\n\t\t<\/article>\n\t\t\t\t<article class=\"elementor-post elementor-grid-item post-992418 post type-post status-publish format-standard has-post-thumbnail hentry category-blog-new-planner\">\n\t\t\t<div class=\"elementor-post__card\">\n\t\t\t\t<a class=\"elementor-post__thumbnail__link\" href=\"https:\/\/oneplannerppm.com.br\/en\/adeus-project-online-por-que-o-microsoft-planner-premium-e-sua-melhor-aposta-daqui-para-frente\/\" tabindex=\"-1\"><div class=\"elementor-post__thumbnail\"><img decoding=\"async\" width=\"300\" height=\"223\" data-src=\"https:\/\/oneplannerppm.com.br\/wp-content\/uploads\/2025\/09\/DIAGNOSTICO-MIGRACAO-PLANNER-300x223.png\" class=\"attachment-medium size-medium wp-image-992423 lazyload\" alt=\"\" data-srcset=\"https:\/\/oneplannerppm.com.br\/wp-content\/uploads\/2025\/09\/DIAGNOSTICO-MIGRACAO-PLANNER-300x223.png 300w, https:\/\/oneplannerppm.com.br\/wp-content\/uploads\/2025\/09\/DIAGNOSTICO-MIGRACAO-PLANNER-1024x760.png 1024w, https:\/\/oneplannerppm.com.br\/wp-content\/uploads\/2025\/09\/DIAGNOSTICO-MIGRACAO-PLANNER-768x570.png 768w, https:\/\/oneplannerppm.com.br\/wp-content\/uploads\/2025\/09\/DIAGNOSTICO-MIGRACAO-PLANNER-16x12.png 16w, https:\/\/oneplannerppm.com.br\/wp-content\/uploads\/2025\/09\/DIAGNOSTICO-MIGRACAO-PLANNER.png 1335w\" data-sizes=\"(max-width: 300px) 100vw, 300px\" title=\"\" src=\"data:image\/svg+xml;base64,PHN2ZyB3aWR0aD0iMSIgaGVpZ2h0PSIxIiB4bWxucz0iaHR0cDovL3d3dy53My5vcmcvMjAwMC9zdmciPjwvc3ZnPg==\" style=\"--smush-placeholder-width: 300px; --smush-placeholder-aspect-ratio: 300\/223;\"><\/div><\/a>\n\t\t\t\t<div class=\"elementor-post__badge\">New planner<\/div>\n\t\t\t\t<div class=\"elementor-post__text\">\n\t\t\t\t<h3 class=\"elementor-post__title\">\n\t\t\t<a href=\"https:\/\/oneplannerppm.com.br\/en\/adeus-project-online-por-que-o-microsoft-planner-premium-e-sua-melhor-aposta-daqui-para-frente\/\">\n\t\t\t\tAdeus Project Online: Por que o Microsoft Planner Premium \u00e9 sua melhor aposta daqui para frente\t\t\t<\/a>\n\t\t<\/h3>\n\t\t\t\t<div class=\"elementor-post__excerpt\">\n\t\t\t<p>A Microsoft anunciou oficialmente: o Project Online ser\u00e1 aposentado em 30 de setembro de 2026. A partir de 1\u00ba de<\/p>\n\t\t<\/div>\n\t\t\n\t\t<a class=\"elementor-post__read-more\" href=\"https:\/\/oneplannerppm.com.br\/en\/adeus-project-online-por-que-o-microsoft-planner-premium-e-sua-melhor-aposta-daqui-para-frente\/\" aria-label=\"Read more about Adeus Project Online: Por que o Microsoft Planner Premium \u00e9 sua melhor aposta daqui para frente\" tabindex=\"-1\">\n\t\t\tMais \u00bb\t\t<\/a>\n\n\t\t\t\t<\/div>\n\t\t\t\t\t<\/div>\n\t\t<\/article>\n\t\t\t\t<article class=\"elementor-post elementor-grid-item post-992408 post type-post status-publish format-standard has-post-thumbnail hentry category-blog-new-planner\">\n\t\t\t<div class=\"elementor-post__card\">\n\t\t\t\t<a class=\"elementor-post__thumbnail__link\" href=\"https:\/\/oneplannerppm.com.br\/en\/a-microsoft-anunciou-o-fim-do-project-online-e-agora\/\" tabindex=\"-1\"><div class=\"elementor-post__thumbnail\"><img decoding=\"async\" width=\"300\" height=\"200\" data-src=\"https:\/\/oneplannerppm.com.br\/wp-content\/uploads\/2025\/09\/checklist-sheet-and-red-marker-check-list-complet-2022-12-16-11-16-39-utc-300x200.jpg\" class=\"attachment-medium size-medium wp-image-992412 lazyload\" alt=\"\" data-srcset=\"https:\/\/oneplannerppm.com.br\/wp-content\/uploads\/2025\/09\/checklist-sheet-and-red-marker-check-list-complet-2022-12-16-11-16-39-utc-300x200.jpg 300w, https:\/\/oneplannerppm.com.br\/wp-content\/uploads\/2025\/09\/checklist-sheet-and-red-marker-check-list-complet-2022-12-16-11-16-39-utc-1024x683.jpg 1024w, https:\/\/oneplannerppm.com.br\/wp-content\/uploads\/2025\/09\/checklist-sheet-and-red-marker-check-list-complet-2022-12-16-11-16-39-utc-768x512.jpg 768w, https:\/\/oneplannerppm.com.br\/wp-content\/uploads\/2025\/09\/checklist-sheet-and-red-marker-check-list-complet-2022-12-16-11-16-39-utc-1536x1024.jpg 1536w, https:\/\/oneplannerppm.com.br\/wp-content\/uploads\/2025\/09\/checklist-sheet-and-red-marker-check-list-complet-2022-12-16-11-16-39-utc-2048x1365.jpg 2048w, https:\/\/oneplannerppm.com.br\/wp-content\/uploads\/2025\/09\/checklist-sheet-and-red-marker-check-list-complet-2022-12-16-11-16-39-utc-18x12.jpg 18w\" data-sizes=\"(max-width: 300px) 100vw, 300px\" title=\"\" src=\"data:image\/svg+xml;base64,PHN2ZyB3aWR0aD0iMSIgaGVpZ2h0PSIxIiB4bWxucz0iaHR0cDovL3d3dy53My5vcmcvMjAwMC9zdmciPjwvc3ZnPg==\" style=\"--smush-placeholder-width: 300px; --smush-placeholder-aspect-ratio: 300\/200;\"><\/div><\/a>\n\t\t\t\t<div class=\"elementor-post__badge\">New planner<\/div>\n\t\t\t\t<div class=\"elementor-post__text\">\n\t\t\t\t<h3 class=\"elementor-post__title\">\n\t\t\t<a href=\"https:\/\/oneplannerppm.com.br\/en\/a-microsoft-anunciou-o-fim-do-project-online-e-agora\/\">\n\t\t\t\tA Microsoft anunciou o fim do Project Online. E agora?\t\t\t<\/a>\n\t\t<\/h3>\n\t\t\t\t<div class=\"elementor-post__excerpt\">\n\t\t\t<p>Se a sua empresa ainda utiliza o\u00a0Project Online, \u00e9 hora de se preparar para a transi\u00e7\u00e3o para o\u00a0Microsoft Planner Premium\u00a0\u2014<\/p>\n\t\t<\/div>\n\t\t\n\t\t<a class=\"elementor-post__read-more\" href=\"https:\/\/oneplannerppm.com.br\/en\/a-microsoft-anunciou-o-fim-do-project-online-e-agora\/\" aria-label=\"Read more about A Microsoft anunciou o fim do Project Online. E agora?\" tabindex=\"-1\">\n\t\t\tMais \u00bb\t\t<\/a>\n\n\t\t\t\t<\/div>\n\t\t\t\t\t<\/div>\n\t\t<\/article>\n\t\t\t\t<article class=\"elementor-post elementor-grid-item post-992394 post type-post status-publish format-standard has-post-thumbnail hentry category-videos tag-ms-planner tag-oneplanner-ppm\">\n\t\t\t<div class=\"elementor-post__card\">\n\t\t\t\t<a class=\"elementor-post__thumbnail__link\" href=\"https:\/\/oneplannerppm.com.br\/en\/microsoft-project-online-sera-descontinuado-saiba-como-migrar-com-seguranca-e-performance\/\" tabindex=\"-1\"><div class=\"elementor-post__thumbnail\"><img decoding=\"async\" width=\"300\" height=\"300\" data-src=\"https:\/\/oneplannerppm.com.br\/wp-content\/uploads\/2025\/09\/BANNER-300x300.png\" class=\"attachment-medium size-medium wp-image-992398 lazyload\" alt=\"\" data-srcset=\"https:\/\/oneplannerppm.com.br\/wp-content\/uploads\/2025\/09\/BANNER-300x300.png 300w, https:\/\/oneplannerppm.com.br\/wp-content\/uploads\/2025\/09\/BANNER-1024x1024.png 1024w, https:\/\/oneplannerppm.com.br\/wp-content\/uploads\/2025\/09\/BANNER-150x150.png 150w, https:\/\/oneplannerppm.com.br\/wp-content\/uploads\/2025\/09\/BANNER-768x768.png 768w, https:\/\/oneplannerppm.com.br\/wp-content\/uploads\/2025\/09\/BANNER-12x12.png 12w, https:\/\/oneplannerppm.com.br\/wp-content\/uploads\/2025\/09\/BANNER-50x50.png 50w, https:\/\/oneplannerppm.com.br\/wp-content\/uploads\/2025\/09\/BANNER.png 1200w\" data-sizes=\"(max-width: 300px) 100vw, 300px\" title=\"\" src=\"data:image\/svg+xml;base64,PHN2ZyB3aWR0aD0iMSIgaGVpZ2h0PSIxIiB4bWxucz0iaHR0cDovL3d3dy53My5vcmcvMjAwMC9zdmciPjwvc3ZnPg==\" style=\"--smush-placeholder-width: 300px; --smush-placeholder-aspect-ratio: 300\/300;\"><\/div><\/a>\n\t\t\t\t<div class=\"elementor-post__badge\">V\u00eddeos<\/div>\n\t\t\t\t<div class=\"elementor-post__text\">\n\t\t\t\t<h3 class=\"elementor-post__title\">\n\t\t\t<a href=\"https:\/\/oneplannerppm.com.br\/en\/microsoft-project-online-sera-descontinuado-saiba-como-migrar-com-seguranca-e-performance\/\">\n\t\t\t\tMicrosoft Project Online ser\u00e1 descontinuado: saiba como migrar com seguran\u00e7a e performance\t\t\t<\/a>\n\t\t<\/h3>\n\t\t\t\t<div class=\"elementor-post__excerpt\">\n\t\t\t<p>A Microsoft anunciou oficialmente o fim do Project Online.\u00a0 A aposentadoria definitiva est\u00e1 marcada para o dia 30 de setembro<\/p>\n\t\t<\/div>\n\t\t\n\t\t<a class=\"elementor-post__read-more\" href=\"https:\/\/oneplannerppm.com.br\/en\/microsoft-project-online-sera-descontinuado-saiba-como-migrar-com-seguranca-e-performance\/\" aria-label=\"Read more about Microsoft Project Online ser\u00e1 descontinuado: saiba como migrar com seguran\u00e7a e performance\" tabindex=\"-1\">\n\t\t\tMais \u00bb\t\t<\/a>\n\n\t\t\t\t<\/div>\n\t\t\t\t\t<\/div>\n\t\t<\/article>\n\t\t\t\t<article class=\"elementor-post elementor-grid-item post-992275 post type-post status-publish format-standard has-post-thumbnail hentry category-videos tag-ms-planner tag-oneplanner-ppm\">\n\t\t\t<div class=\"elementor-post__card\">\n\t\t\t\t<a class=\"elementor-post__thumbnail__link\" href=\"https:\/\/oneplannerppm.com.br\/en\/gestao-de-projetos-oneplanner\/\" tabindex=\"-1\"><div class=\"elementor-post__thumbnail\"><img decoding=\"async\" width=\"300\" height=\"227\" data-src=\"https:\/\/oneplannerppm.com.br\/wp-content\/uploads\/2025\/06\/Gerenciamento-de-Projetos-com-Microsoft-Planner-300x227.png\" class=\"attachment-medium size-medium wp-image-992316 lazyload\" alt=\"\" data-srcset=\"https:\/\/oneplannerppm.com.br\/wp-content\/uploads\/2025\/06\/Gerenciamento-de-Projetos-com-Microsoft-Planner-300x227.png 300w, https:\/\/oneplannerppm.com.br\/wp-content\/uploads\/2025\/06\/Gerenciamento-de-Projetos-com-Microsoft-Planner-768x580.png 768w, https:\/\/oneplannerppm.com.br\/wp-content\/uploads\/2025\/06\/Gerenciamento-de-Projetos-com-Microsoft-Planner.png 864w\" data-sizes=\"(max-width: 300px) 100vw, 300px\" title=\"\" src=\"data:image\/svg+xml;base64,PHN2ZyB3aWR0aD0iMSIgaGVpZ2h0PSIxIiB4bWxucz0iaHR0cDovL3d3dy53My5vcmcvMjAwMC9zdmciPjwvc3ZnPg==\" style=\"--smush-placeholder-width: 300px; --smush-placeholder-aspect-ratio: 300\/227;\"><\/div><\/a>\n\t\t\t\t<div class=\"elementor-post__badge\">V\u00eddeos<\/div>\n\t\t\t\t<div class=\"elementor-post__text\">\n\t\t\t\t<h3 class=\"elementor-post__title\">\n\t\t\t<a href=\"https:\/\/oneplannerppm.com.br\/en\/gestao-de-projetos-oneplanner\/\">\n\t\t\t\tAmplie as funcionalidades do Microsoft Planner e Project for the Web com a solu\u00e7\u00e3o OnePlanner PPM\t\t\t<\/a>\n\t\t<\/h3>\n\t\t\t\t<div class=\"elementor-post__excerpt\">\n\t\t\t<p>5 Motivos para Otimizar sua Gest\u00e3o de Projetos com o OnePlanner PPM A gest\u00e3o de projetos nunca mais ser\u00e1 a<\/p>\n\t\t<\/div>\n\t\t\n\t\t<a class=\"elementor-post__read-more\" href=\"https:\/\/oneplannerppm.com.br\/en\/gestao-de-projetos-oneplanner\/\" aria-label=\"Read more about Amplie as funcionalidades do Microsoft Planner e Project for the Web com a solu\u00e7\u00e3o OnePlanner PPM\" tabindex=\"-1\">\n\t\t\tMais \u00bb\t\t<\/a>\n\n\t\t\t\t<\/div>\n\t\t\t\t\t<\/div>\n\t\t<\/article>\n\t\t\t\t<article class=\"elementor-post elementor-grid-item post-992109 post type-post status-publish format-standard has-post-thumbnail hentry category-oneplanner-ppm\">\n\t\t\t<div class=\"elementor-post__card\">\n\t\t\t\t<a class=\"elementor-post__thumbnail__link\" href=\"https:\/\/oneplannerppm.com.br\/en\/one-planner-ppm-hub-gestao-projetos\/\" tabindex=\"-1\"><div class=\"elementor-post__thumbnail\"><img decoding=\"async\" width=\"300\" height=\"191\" data-src=\"https:\/\/oneplannerppm.com.br\/wp-content\/uploads\/2025\/05\/ONEPLANNERPPM-GERAL-300x191.png\" class=\"attachment-medium size-medium wp-image-992114 lazyload\" alt=\"\" data-srcset=\"https:\/\/oneplannerppm.com.br\/wp-content\/uploads\/2025\/05\/ONEPLANNERPPM-GERAL-300x191.png 300w, https:\/\/oneplannerppm.com.br\/wp-content\/uploads\/2025\/05\/ONEPLANNERPPM-GERAL-1024x653.png 1024w, https:\/\/oneplannerppm.com.br\/wp-content\/uploads\/2025\/05\/ONEPLANNERPPM-GERAL-768x490.png 768w, https:\/\/oneplannerppm.com.br\/wp-content\/uploads\/2025\/05\/ONEPLANNERPPM-GERAL.png 1306w\" data-sizes=\"(max-width: 300px) 100vw, 300px\" title=\"\" src=\"data:image\/svg+xml;base64,PHN2ZyB3aWR0aD0iMSIgaGVpZ2h0PSIxIiB4bWxucz0iaHR0cDovL3d3dy53My5vcmcvMjAwMC9zdmciPjwvc3ZnPg==\" style=\"--smush-placeholder-width: 300px; --smush-placeholder-aspect-ratio: 300\/191;\"><\/div><\/a>\n\t\t\t\t<div class=\"elementor-post__badge\">OnePlanner PPM<\/div>\n\t\t\t\t<div class=\"elementor-post__text\">\n\t\t\t\t<h3 class=\"elementor-post__title\">\n\t\t\t<a href=\"https:\/\/oneplannerppm.com.br\/en\/one-planner-ppm-hub-gestao-projetos\/\">\n\t\t\t\tSeu Microsoft Planner com Superpoderes: Conhe\u00e7a o OnePlanner PPM\t\t\t<\/a>\n\t\t<\/h3>\n\t\t\t\t<div class=\"elementor-post__excerpt\">\n\t\t\t<p>One Planner PPM: Transforme o Microsoft Planner em um Hub de Projetos Se voc\u00ea utiliza o Microsoft Planner no seu<\/p>\n\t\t<\/div>\n\t\t\n\t\t<a class=\"elementor-post__read-more\" href=\"https:\/\/oneplannerppm.com.br\/en\/one-planner-ppm-hub-gestao-projetos\/\" aria-label=\"Read more about Seu Microsoft Planner com Superpoderes: Conhe\u00e7a o OnePlanner PPM\" tabindex=\"-1\">\n\t\t\tMais \u00bb\t\t<\/a>\n\n\t\t\t\t<\/div>\n\t\t\t\t\t<\/div>\n\t\t<\/article>\n\t\t\t\t<\/div>\n\t\t\n\t\t\t\t<div class=\"e-load-more-anchor\" data-page=\"1\" data-max-page=\"4\" data-next-page=\"https:\/\/oneplannerppm.com.br\/en\/wp-json\/wp\/v2\/pages\/6383\/page\/2\/\"><\/div>\n\t\t\t\t<nav class=\"elementor-pagination\" aria-label=\"Pagination\">\n\t\t\t<span aria-current=\"page\" class=\"page-numbers current\"><span class=\"elementor-screen-only\">Page<\/span>1<\/span>\n<a class=\"page-numbers\" href=\"https:\/\/oneplannerppm.com.br\/en\/wp-json\/wp\/v2\/pages\/6383\/page\/2\/\"><span class=\"elementor-screen-only\">Page<\/span>2<\/a>\n<a class=\"page-numbers\" href=\"https:\/\/oneplannerppm.com.br\/en\/wp-json\/wp\/v2\/pages\/6383\/page\/3\/\"><span class=\"elementor-screen-only\">Page<\/span>3<\/a>\n<a class=\"page-numbers\" href=\"https:\/\/oneplannerppm.com.br\/en\/wp-json\/wp\/v2\/pages\/6383\/page\/4\/\"><span class=\"elementor-screen-only\">Page<\/span>4<\/a>\t\t<\/nav>\n\t\t\t\t\t\t<\/div>\n\t\t\t\t<\/div>\n\t\t\t\t\t<\/div>\n\t\t<\/div>\n\t\t\t\t\t<\/div>\n\t\t<\/section>\n\t\t\t\t\t<\/div>\n\t\t<\/div>\n\t\t\t\t\t<\/div>\n\t\t<\/section>\n\t\t\t\t<\/div>","protected":false},"excerpt":{"rendered":"<p>&lt;i class=&quot;bx bx-home-alt fs-lg me-1&quot;&gt;&lt;\/i&gt;Home<\/p>","protected":false},"author":1,"featured_media":0,"parent":0,"menu_order":0,"comment_status":"closed","ping_status":"closed","template":"elementor_header_footer","meta":{"_acf_changed":false,"footnotes":""},"class_list":["post-6383","page","type-page","status-publish","hentry"],"acf":[],"_links":{"self":[{"href":"https:\/\/oneplannerppm.com.br\/en\/wp-json\/wp\/v2\/pages\/6383","targetHints":{"allow":["GET"]}}],"collection":[{"href":"https:\/\/oneplannerppm.com.br\/en\/wp-json\/wp\/v2\/pages"}],"about":[{"href":"https:\/\/oneplannerppm.com.br\/en\/wp-json\/wp\/v2\/types\/page"}],"author":[{"embeddable":true,"href":"https:\/\/oneplannerppm.com.br\/en\/wp-json\/wp\/v2\/users\/1"}],"replies":[{"embeddable":true,"href":"https:\/\/oneplannerppm.com.br\/en\/wp-json\/wp\/v2\/comments?post=6383"}],"version-history":[{"count":0,"href":"https:\/\/oneplannerppm.com.br\/en\/wp-json\/wp\/v2\/pages\/6383\/revisions"}],"wp:attachment":[{"href":"https:\/\/oneplannerppm.com.br\/en\/wp-json\/wp\/v2\/media?parent=6383"}],"curies":[{"name":"wp","href":"https:\/\/api.w.org\/{rel}","templated":true}]}}